{"id":106,"date":"2010-11-04T17:56:54","date_gmt":"2010-11-04T16:56:54","guid":{"rendered":"http:\/\/praxis-neumann.net\/?page_id=106"},"modified":"2010-11-06T14:16:18","modified_gmt":"2010-11-06T13:16:18","slug":"kontakt","status":"publish","type":"page","link":"https:\/\/praxis-neumann.net\/?page_id=106","title":{"rendered":"Kontakt"},"content":{"rendered":"<p style=\"text-align: center;\"><img loading=\"lazy\" decoding=\"async\" class=\"aligncenter size-full wp-image-46\" src=\"https:\/\/praxis-neumann.net\/wp-content\/uploads\/2010\/07\/kette01.png\" alt=\"\" width=\"200\" height=\"50\" \/><span style=\"color: #000000;\"><strong>Naturheilpraxis Dipl. -Ing. Anja Neumann<\/strong><br \/>\n<strong>Sch\u00fctzenweg 3<\/strong><\/span> <span style=\"color: #000000;\"><br \/>\n<strong>25335 Bokholt-Hanredder<\/strong><\/span> <span style=\"color: #000000;\"><br \/>\n<strong>Telefon : 04123 \u2013 809280<\/strong><\/span> <span style=\"color: #000000;\"><br \/>\n<strong>Fax : 04123 \u2013 809281<\/strong><\/span> <span style=\"color: #000000;\"><br \/>\n<strong>info@praxis-neumann.net<\/strong><\/span><\/p>\n<p style=\"text-align: center;\"><span style=\"color: #000000;\"><strong><span style=\"text-decoration: underline;\">\u00d6ffnungzeiten<\/span><\/strong><\/span><br \/>\nnach Vereinbarung<\/p>\n<p><iframe loading=\"lazy\" width=\"500\" height=\"400\" frameborder=\"0\" scrolling=\"no\" marginheight=\"0\" marginwidth=\"0\" src=\"http:\/\/maps.google.de\/maps?f=q&amp;source=s_q&amp;hl=de&amp;q=Sch%C3%BCtzenweg+3,+25335+Bokholt-Hanredder,+Pinneberg,+Schleswig-Holstein&amp;sll=51.151786,10.415039&amp;sspn=19.752995,57.084961&amp;ie=UTF8&amp;cd=1&amp;geocode=FTS8NAMdqJCUAA&amp;split=0&amp;hq=&amp;hnear=Sch%C3%BCtzenweg+3,+25335+Bokholt-Hanredder,+Pinneberg,+Schleswig-Holstein&amp;ll=53.792185,9.739037&amp;spn=0.017746,0.036478&amp;z=14&amp;iwloc=A&amp;output=embed\"><\/iframe><br \/><small><a href=\"http:\/\/maps.google.de\/maps?f=q&amp;source=embed&amp;hl=de&amp;q=Sch%C3%BCtzenweg+3,+25335+Bokholt-Hanredder,+Pinneberg,+Schleswig-Holstein&amp;sll=51.151786,10.415039&amp;sspn=19.752995,57.084961&amp;ie=UTF8&amp;cd=1&amp;geocode=FTS8NAMdqJCUAA&amp;split=0&amp;hq=&amp;hnear=Sch%C3%BCtzenweg+3,+25335+Bokholt-Hanredder,+Pinneberg,+Schleswig-Holstein&amp;ll=53.792185,9.739037&amp;spn=0.017746,0.036478&amp;z=14&amp;iwloc=A\" style=\"color:#0000FF;text-align:left\">Gr\u00f6\u00dfere Kartenansicht<\/a><\/small><\/p>\n<p><img loading=\"lazy\" decoding=\"async\" class=\"aligncenter size-full wp-image-46\" src=\"https:\/\/praxis-neumann.net\/wp-content\/uploads\/2010\/07\/kette01.png\" alt=\"\" width=\"200\" height=\"50\" \/><\/p>\n","protected":false},"excerpt":{"rendered":"<p>Naturheilpraxis Dipl. -Ing. Anja Neumann Sch\u00fctzenweg 3 25335 Bokholt-Hanredder Telefon : 04123 \u2013 809280 Fax : 04123 \u2013 809281 info@praxis-neumann.net \u00d6ffnungzeiten nach Vereinbarung Gr\u00f6\u00dfere Kartenansicht<\/p>\n","protected":false},"author":3,"featured_media":0,"parent":0,"menu_order":18,"comment_status":"closed","ping_status":"closed","template":"","meta":{"footnotes":""},"class_list":["post-106","page","type-page","status-publish","hentry"],"_links":{"self":[{"href":"https:\/\/praxis-neumann.net\/index.php?rest_route=\/wp\/v2\/pages\/106","targetHints":{"allow":["GET"]}}],"collection":[{"href":"https:\/\/praxis-neumann.net\/index.php?rest_route=\/wp\/v2\/pages"}],"about":[{"href":"https:\/\/praxis-neumann.net\/index.php?rest_route=\/wp\/v2\/types\/page"}],"author":[{"embeddable":true,"href":"https:\/\/praxis-neumann.net\/index.php?rest_route=\/wp\/v2\/users\/3"}],"replies":[{"embeddable":true,"href":"https:\/\/praxis-neumann.net\/index.php?rest_route=%2Fwp%2Fv2%2Fcomments&post=106"}],"version-history":[{"count":39,"href":"https:\/\/praxis-neumann.net\/index.php?rest_route=\/wp\/v2\/pages\/106\/revisions"}],"predecessor-version":[{"id":307,"href":"https:\/\/praxis-neumann.net\/index.php?rest_route=\/wp\/v2\/pages\/106\/revisions\/307"}],"wp:attachment":[{"href":"https:\/\/praxis-neumann.net\/index.php?rest_route=%2Fwp%2Fv2%2Fmedia&parent=106"}],"curies":[{"name":"wp","href":"https:\/\/api.w.org\/{rel}","templated":true}]}}