{"id":120,"date":"2010-11-04T18:27:27","date_gmt":"2010-11-04T17:27:27","guid":{"rendered":"http:\/\/praxis-neumann.net\/?page_id=120"},"modified":"2010-11-07T21:24:33","modified_gmt":"2010-11-07T20:24:33","slug":"impressum","status":"publish","type":"page","link":"https:\/\/praxis-neumann.net\/?page_id=120","title":{"rendered":"Impressum"},"content":{"rendered":"<p style=\"text-align: center;\"><strong>Naturheilpraxis Dipl. -Ing. Anja Neumann<\/strong><br \/>\n<strong>Sch\u00fctzenweg 3<\/strong><br \/>\n<strong>25335 Bokholt-Hanredder<\/strong><br \/>\n<strong>Telefon : 04123 \u2013 809280<\/strong><br \/>\n<strong>info@praxis-neumann.net<br \/>\n<\/strong><strong>USt-IdNr.: DE 47 162 805 030<\/strong><\/p>\n<h6 style=\"text-align: center;\"><strong>Verantwortlich f\u00fcr den Inhalt der Homepage: Anja Neumann<br \/>\n<\/strong><strong>Gesetzliche Berufsbezeichnung: Heilpraktikerin (verliehen in der BRD)<br \/>\n<\/strong><strong>Zust\u00e4ndige Aufsichtsbeh\u00f6rde: Gesundheitsamt Pinneberg<br \/>\n<\/strong><strong>Tag der amts\u00e4rztlichen \u00dcberpr\u00fcfung: 03.11.1999<br \/>\n<\/strong><strong>Beh\u00f6rdliche Zulassung durch das<br \/>\nKreisgesundheitsamt Husum des Kreises Nordfiesland.<br \/>\n<\/strong><strong>Mitglied im Fachverband Deutscher Heilpraktiker (FDH)<br \/>\n<\/strong><strong>Mitglieds-Nr.: 16790<\/strong><\/h6>\n<p style=\"text-align: center;\"><strong> <\/strong><\/p>\n","protected":false},"excerpt":{"rendered":"<p>Naturheilpraxis Dipl. -Ing. Anja Neumann Sch\u00fctzenweg 3 25335 Bokholt-Hanredder Telefon : 04123 \u2013 809280 info@praxis-neumann.net USt-IdNr.: DE 47 162 805 030 Verantwortlich f\u00fcr den Inhalt der Homepage: Anja Neumann Gesetzliche Berufsbezeichnung: Heilpraktikerin (verliehen in der BRD) Zust\u00e4ndige Aufsichtsbeh\u00f6rde: Gesundheitsamt Pinneberg &hellip; <a href=\"https:\/\/praxis-neumann.net\/?page_id=120\">Weiterlesen <span class=\"meta-nav\">&rarr;<\/span><\/a><\/p>\n","protected":false},"author":3,"featured_media":0,"parent":0,"menu_order":19,"comment_status":"closed","ping_status":"closed","template":"","meta":{"footnotes":""},"class_list":["post-120","page","type-page","status-publish","hentry"],"_links":{"self":[{"href":"https:\/\/praxis-neumann.net\/index.php?rest_route=\/wp\/v2\/pages\/120","targetHints":{"allow":["GET"]}}],"collection":[{"href":"https:\/\/praxis-neumann.net\/index.php?rest_route=\/wp\/v2\/pages"}],"about":[{"href":"https:\/\/praxis-neumann.net\/index.php?rest_route=\/wp\/v2\/types\/page"}],"author":[{"embeddable":true,"href":"https:\/\/praxis-neumann.net\/index.php?rest_route=\/wp\/v2\/users\/3"}],"replies":[{"embeddable":true,"href":"https:\/\/praxis-neumann.net\/index.php?rest_route=%2Fwp%2Fv2%2Fcomments&post=120"}],"version-history":[{"count":14,"href":"https:\/\/praxis-neumann.net\/index.php?rest_route=\/wp\/v2\/pages\/120\/revisions"}],"predecessor-version":[{"id":136,"href":"https:\/\/praxis-neumann.net\/index.php?rest_route=\/wp\/v2\/pages\/120\/revisions\/136"}],"wp:attachment":[{"href":"https:\/\/praxis-neumann.net\/index.php?rest_route=%2Fwp%2Fv2%2Fmedia&parent=120"}],"curies":[{"name":"wp","href":"https:\/\/api.w.org\/{rel}","templated":true}]}}