{"id":127,"date":"2010-11-04T18:42:52","date_gmt":"2010-11-04T17:42:52","guid":{"rendered":"http:\/\/praxis-neumann.net\/?page_id=127"},"modified":"2010-11-06T21:54:01","modified_gmt":"2010-11-06T20:54:01","slug":"uber-mich","status":"publish","type":"page","link":"https:\/\/praxis-neumann.net\/?page_id=127","title":{"rendered":"\u00fcber mich"},"content":{"rendered":"<h5 style=\"text-align: left;\"><img loading=\"lazy\" decoding=\"async\" class=\"size-full wp-image-147 alignleft\" src=\"https:\/\/praxis-neumann.net\/wp-content\/uploads\/2010\/11\/bild01a.gif\" alt=\"\" width=\"150\" height=\"200\" \/><span style=\"color: #000080;\">Seit 1997 absolvierte ich diverse Praktika und Fortbildungen zu den Themen Bioresonanz, Hom\u00f6opathie, Pflanzenheilkunde, Ausleitungsverfahren, Atemtherapie, Sch\u00fcssler Salze, Bachbl\u00fcten, Ern\u00e4hrungstherapie, Entgiftung, und zur Behandlung von chronischen Erkrankungen von Magen, Darm, Haut, Niere, Blase, Lunge, Kreislauf, Gelenke, Immunsystem, Allergien und Autoimmunerkrankungen<\/span><\/h5>\n<p><span style=\"color: #000080;\"> <\/span><\/p>\n<h5><span style=\"color: #000000;\"><br \/>\nGeboren bin ich 1969 in Elmshorn<br \/>\n1997 abgeschlossenes Hochschulstudium in Kiel<br \/>\n1997- 1999 Vollzeitausbildung an einer Heilpraktikerschule in Kiel<br \/>\n1999 erfolgreiche Heilpraktikerpr\u00fcfung in Husum<br \/>\nMitglied im Fachverband Deutscher Heilpraktiker e.V.<br \/>\n2002 Er\u00f6ffnung meiner eigenen Naturheilpraxis in Bokholt-Hanredder<\/span><span style=\"color: #000000;\"><span style=\"color: #008000;\"><strong> <\/strong><\/span><\/span><\/h5>\n<h5><span style=\"color: #000000;\"><span style=\"color: #008000;\"><strong><br \/>\n<\/strong><\/span><\/span><\/h5>\n<h4><span style=\"color: #000000;\"><span style=\"color: #008000;\"><strong> <span style=\"text-decoration: underline;\"><span style=\"color: #000080;\">Und so schreibt die Presse :<\/span><\/span><\/strong><\/span><\/span><\/h4>\n<h4><span style=\"color: #000000;\"><strong>Den Ursachen von Erkrankungen auf der Spur<\/strong><\/span><\/h4>\n<address>BOKHOLT-HANREDDER (mp). Viele Patienten mit langj\u00e4hrigen chronischen Erkrankungen f\u00fchlen sich durch die Schulmedizin nicht ausreichend betreut. H\u00e4ufig haben sie schon fast alles ausprobiert, ohne dass sich ihre Beschwerden \u00fcber einen l\u00e4ngeren Zeitraum deutlich gebessert haben. Sie w\u00fcnschen sich eine ganzheitliche Behandlung, die nicht nur das Symptom ihrer Krankheit behandelt, sondern auch deren Ursache.<\/address>\n<address>Meist aber tritt die Ursache solch chronischer Erkrankungen wie Allergien, Asthma, Schuppenflechte, Neurodermitis, Kopfschmerzen, Migr\u00e4ne, Harnwegsinfekte oder Entz\u00fcndungen der Magenschleimhaut, des D\u00fcnn- oder Dickdarms oder auch der Gelenke, nicht offen zu Tage. Durch die Vorgaben der Gesundheitspolitik fehlt den Schulmedizinern die Zeit f\u00fcr eine ausf\u00fchrliche Diagnose.<\/address>\n<address>Die Heilpraktikerin Anja Neumann f\u00fchrt mit jedem neuen Patienten ein ausf\u00fchrliches Anamnesegespr\u00e4ch, an das sich eine umfangreiche Diagnostik anschlie\u00dft. Hierf\u00fcr hat sie sich vor \u00fcber 10 Jahren auf die Bioresonanz spezialisiert, um direkt am Patienten v\u00f6llig schmerzfrei testen und auch therapieren zu k\u00f6nnen.<\/address>\n<address>Bei der Bioresonanzmethode handelt es sich um eine sanfte, computergest\u00fctzte Therapie, die auf den Schwingungen zwischen den einzelnen K\u00f6rperzellen fu\u00dft. Neueste Erkenntnisse der Bio- und Quantenphysik \u00fcber die Biophotonen (\u201eLichtblitze\u201c) haben diese seit 30 Jahren erfolgreich eingesetzte Therapieform erkl\u00e4rbarer gemacht.<\/address>\n<address>Um die Vielzahl von Belastungen und oft versteckten Ursachen einer Erkrankung zu finden, testet Anja Neumann ihre Patienten auf Bakterien, Viren, Parasiten, Pilze, Allergene, Unvertr\u00e4glichkeiten, Umweltgifte, Schwermetallbelastungen, St\u00f6rfelder, Krankheitsherde, Organfunktionen und auf Vitamin- und Mineralmangel. Die umfassende Grunddiagnostik, gleicht manchmal einem \u201eDetektivspiel\u201c. Nur wenn die Hauptursache einer Erkrankung gefunden ist, kann eine erfolgreiche Behandlung stattfinden. Bei Patienten mit gleichem Krankheitsbild sind oft v\u00f6llig verschiedene Ursachen festzustellen, weshalb die anschlie\u00dfende Therapie so individuell ist wie der Mensch selbst.<\/address>\n<address>H\u00e4ufig ist die Ursache einer Erkrankung im Darm zu finden, denn immerhin beheimatet er 80 % des k\u00f6rpereigenen Immunsystems. Durch chemische Zusatzstoffe in Lebensmitteln, Umweltgifte, falsche Essgewohnheiten, Einnahme von Medikamenten oder auch durch Stoffwechselst\u00f6rungen wird es nachhaltig geschw\u00e4cht.<\/address>\n<address>Mit naturheilkundlichen Pr\u00e4paraten, wie Pflanzenpresss\u00e4fte oder Tees heimischer Herkunft, und einem individuellen Ern\u00e4hrungsplan unterst\u00fctzt der Patient seine Heilung. Begleitend setzt Anja Neumann auch andere Therapieformen, wie die Hom\u00f6opathie, Bachbl\u00fcten, Sch\u00fc\u00dfler-Salze, Ohrakupunktur Entgiftungs- und Ausleitungsverfahren ein.<\/address>\n<address><img loading=\"lazy\" decoding=\"async\" class=\"aligncenter size-full wp-image-177\" src=\"https:\/\/praxis-neumann.net\/wp-content\/uploads\/2010\/11\/bild02.gif\" alt=\"\" width=\"200\" height=\"149\" \/><\/address>\n<address>In die Praxis von Anja Neumann im Sch\u00fctzenweg 3 in Bokholt-Hanredder kommen \u00e4ltere Patienten ebenso wie Kinder. Der \u201eErkl\u00e4rb\u00e4r\u201c hilft bei deren Behandlung. Weitere Informationen auch unter Tel. 04123\/809280 oder auf einem der zahlreichen kostenlosen Vortr\u00e4ge.<\/address>\n<h4><span style=\"color: #000000;\"> <\/span><\/h4>\n","protected":false},"excerpt":{"rendered":"<p>Seit 1997 absolvierte ich diverse Praktika und Fortbildungen zu den Themen Bioresonanz, Hom\u00f6opathie, Pflanzenheilkunde, Ausleitungsverfahren, Atemtherapie, Sch\u00fcssler Salze, Bachbl\u00fcten, Ern\u00e4hrungstherapie, Entgiftung, und zur Behandlung von chronischen Erkrankungen von Magen, Darm, Haut, Niere, Blase, Lunge, Kreislauf, Gelenke, Immunsystem, Allergien und Autoimmunerkrankungen &hellip; <a href=\"https:\/\/praxis-neumann.net\/?page_id=127\">Weiterlesen <span class=\"meta-nav\">&rarr;<\/span><\/a><\/p>\n","protected":false},"author":3,"featured_media":0,"parent":0,"menu_order":17,"comment_status":"closed","ping_status":"closed","template":"","meta":{"footnotes":""},"class_list":["post-127","page","type-page","status-publish","hentry"],"_links":{"self":[{"href":"https:\/\/praxis-neumann.net\/index.php?rest_route=\/wp\/v2\/pages\/127","targetHints":{"allow":["GET"]}}],"collection":[{"href":"https:\/\/praxis-neumann.net\/index.php?rest_route=\/wp\/v2\/pages"}],"about":[{"href":"https:\/\/praxis-neumann.net\/index.php?rest_route=\/wp\/v2\/types\/page"}],"author":[{"embeddable":true,"href":"https:\/\/praxis-neumann.net\/index.php?rest_route=\/wp\/v2\/users\/3"}],"replies":[{"embeddable":true,"href":"https:\/\/praxis-neumann.net\/index.php?rest_route=%2Fwp%2Fv2%2Fcomments&post=127"}],"version-history":[{"count":26,"href":"https:\/\/praxis-neumann.net\/index.php?rest_route=\/wp\/v2\/pages\/127\/revisions"}],"predecessor-version":[{"id":130,"href":"https:\/\/praxis-neumann.net\/index.php?rest_route=\/wp\/v2\/pages\/127\/revisions\/130"}],"wp:attachment":[{"href":"https:\/\/praxis-neumann.net\/index.php?rest_route=%2Fwp%2Fv2%2Fmedia&parent=127"}],"curies":[{"name":"wp","href":"https:\/\/api.w.org\/{rel}","templated":true}]}}