{"id":318,"date":"2010-11-06T21:20:48","date_gmt":"2010-11-06T20:20:48","guid":{"rendered":"http:\/\/praxis-neumann.net\/?page_id=318"},"modified":"2010-11-06T21:34:30","modified_gmt":"2010-11-06T20:34:30","slug":"schulungsinhalte","status":"publish","type":"page","link":"https:\/\/praxis-neumann.net\/?page_id=318","title":{"rendered":"Schulungsinhalte"},"content":{"rendered":"<p><strong>a) <\/strong><strong>Pr\u00fcfungsrelevante Lehrinhalte der Heilpraktiker-Ausbildung<\/strong><\/p>\n<p><strong><em> <\/em><\/strong><\/p>\n<p>Medizinische Grundlagenseminare und Pr\u00fcfungsvorbereitung umfassen die Anatomie, Physiologie und Pathologie aller Organsysteme wie<\/p>\n<ul>\n<li>Haut (Dermatologie)<\/li>\n<li>Niere\/ Blase<\/li>\n<li>Herz<\/li>\n<li>Kreislauf- und Gef\u00e4\u00dfsystem<\/li>\n<li>Blut\/ Lymphe<\/li>\n<li>Augen<\/li>\n<li>HNO<\/li>\n<li>Bewegungsapparat<\/li>\n<li>Magen-Darm-Trakt<\/li>\n<li>Leber\/ Galle\/ Pankreas<\/li>\n<li>Atmungssystem<\/li>\n<li>Hormonsystem (Endokrinologie)<\/li>\n<li>Stoffwechsel<\/li>\n<li>Nervensystem (Neurologie)<\/li>\n<li>Geschlechtsorgane und Fortpflanzung<\/li>\n<\/ul>\n<p>und zus\u00e4tzlich die pr\u00fcfungsrelevanten Themen wie<\/p>\n<ul>\n<li>Allgemeine Krankheitslehre (Pathologie)\/Immunologie<\/li>\n<li>Gesetzes- und Berufskunde und Praxisf\u00fchrung<\/li>\n<li>Differentialdiagnostik\u00a0 mit Fallbeispielen<\/li>\n<li>Onkologie und ganzheitliche Krebstherapie<\/li>\n<li>Psychosomatik<\/li>\n<li>Infektionslehre nach dem Infektionsschutzgesetz<\/li>\n<li>Notfallmedizin<\/li>\n<li>Psychiatrie<\/li>\n<li>Hygiene<\/li>\n<li>Desinfektion, Sterilisation und Laboruntersuchung<\/li>\n<li>Psychologische Gespr\u00e4chsf\u00fchrung<\/li>\n<li>K\u00f6rperliche Untersuchungsmethoden<\/li>\n<li>Injektionskurs<\/li>\n<li>Infektionslehre<\/li>\n<li>Diagnostische \u00dcbungen<\/li>\n<\/ul>\n<p>Im Rahmen der Pathologie werden jeweils bew\u00e4hrte naturheilkundliche Therapie- und Rezeptiervorschl\u00e4ge vermittelt.<\/p>\n<p>Zur Vorbereitung auf die Amtsarztpr\u00fcfung erhalten die Teilnehmer am Ende eines jeden Themas eine Klausur mit original Heilpraktiker-Pr\u00fcfungsfragen (Multiple-Choice), die zu Hause beantwortet und anhand der kommentierten Antworten selbst \u00fcberpr\u00fcft werden. Unklarheiten k\u00f6nnen dann im Unterricht besprochen werden.<\/p>\n<p><strong>Naturheilkundliche Lehrinhalte<\/strong><strong> der Heilpraktiker-Ausbildung<\/strong><br \/>\nNaturheilkundliche Diagnostik: Augen- und Irisdiagnose; Alternative Untersuchungsmethoden; Klinische Untersuchung; Kinesiotherapie; Labor<br \/>\nHom\u00f6opathie: Klassische Hom\u00f6opathie \/ Grundbegriffe; Anamnese und Therapieausarbeitung; Komplexmittel Hom\u00f6opathie; Sonderformen wie die Biochemie nach Dr. Sch\u00fcssler;<br \/>\nAkupunktur: Klassische Akupunktur Grundbegriffe \/ Diagnose; Punktefindung; Praktische Anwendungen; Sonderformen wie Ohrakupunktur.<br \/>\nManuelle und physikalische Therapien: Klassische Massagetechniken; Aschner-Ausleitungs- u. Umstimmungsverfahren; Reflexzonentherapien;\u00a0 Fu\u00dfreflexzonentherapie; Lymphdrainage; Kneippsche Anwendungen.<br \/>\nZus\u00e4tzliche Bereiche: Phytotherapie (Pflanzenheilkunde); Injektionstechnik; Mikrobiologie des Magen-Darm-Traktes\/ Symbioselenkung, Praxisf\u00fchrung etc.<\/p>\n<p><strong> <\/strong><\/p>\n","protected":false},"excerpt":{"rendered":"<p>a) Pr\u00fcfungsrelevante Lehrinhalte der Heilpraktiker-Ausbildung Medizinische Grundlagenseminare und Pr\u00fcfungsvorbereitung umfassen die Anatomie, Physiologie und Pathologie aller Organsysteme wie Haut (Dermatologie) Niere\/ Blase Herz Kreislauf- und Gef\u00e4\u00dfsystem Blut\/ Lymphe Augen HNO Bewegungsapparat Magen-Darm-Trakt Leber\/ Galle\/ Pankreas Atmungssystem Hormonsystem (Endokrinologie) Stoffwechsel Nervensystem &hellip; <a href=\"https:\/\/praxis-neumann.net\/?page_id=318\">Weiterlesen <span class=\"meta-nav\">&rarr;<\/span><\/a><\/p>\n","protected":false},"author":2,"featured_media":0,"parent":2,"menu_order":2,"comment_status":"closed","ping_status":"closed","template":"","meta":{"footnotes":""},"class_list":["post-318","page","type-page","status-publish","hentry"],"_links":{"self":[{"href":"https:\/\/praxis-neumann.net\/index.php?rest_route=\/wp\/v2\/pages\/318","targetHints":{"allow":["GET"]}}],"collection":[{"href":"https:\/\/praxis-neumann.net\/index.php?rest_route=\/wp\/v2\/pages"}],"about":[{"href":"https:\/\/praxis-neumann.net\/index.php?rest_route=\/wp\/v2\/types\/page"}],"author":[{"embeddable":true,"href":"https:\/\/praxis-neumann.net\/index.php?rest_route=\/wp\/v2\/users\/2"}],"replies":[{"embeddable":true,"href":"https:\/\/praxis-neumann.net\/index.php?rest_route=%2Fwp%2Fv2%2Fcomments&post=318"}],"version-history":[{"count":3,"href":"https:\/\/praxis-neumann.net\/index.php?rest_route=\/wp\/v2\/pages\/318\/revisions"}],"predecessor-version":[{"id":331,"href":"https:\/\/praxis-neumann.net\/index.php?rest_route=\/wp\/v2\/pages\/318\/revisions\/331"}],"up":[{"embeddable":true,"href":"https:\/\/praxis-neumann.net\/index.php?rest_route=\/wp\/v2\/pages\/2"}],"wp:attachment":[{"href":"https:\/\/praxis-neumann.net\/index.php?rest_route=%2Fwp%2Fv2%2Fmedia&parent=318"}],"curies":[{"name":"wp","href":"https:\/\/api.w.org\/{rel}","templated":true}]}}