{"id":321,"date":"2010-11-06T21:22:45","date_gmt":"2010-11-06T20:22:45","guid":{"rendered":"http:\/\/praxis-neumann.net\/?page_id=321"},"modified":"2010-11-06T21:35:25","modified_gmt":"2010-11-06T20:35:25","slug":"sonderseminare","status":"publish","type":"page","link":"https:\/\/praxis-neumann.net\/?page_id=321","title":{"rendered":"Sonderseminare"},"content":{"rendered":"<p><strong> <\/strong><\/p>\n<p>In den zus\u00e4tzlich angebotenen naturheilkundlichen Wochenendseminaren  werden detailliertere Einblicke in die jeweiligen Fachgebiete gegeben.<\/p>\n<p>Die angeboten Sonderseminare finden mit einer Mindestteilnehmerzahl  von vier Personen an der unterrichtsfreien Wochenenden statt und k\u00f6nnen  neben den Heilpraktikersch\u00fclern auch von anderen interessierten Menschen  besucht werden.<\/p>\n<p>Ein Seminarwochenende\u00a0 beinhaltet ca. 17 Unterrichtsstunden. Zu den  Themen geh\u00f6ren Sch\u00fcssler-Salze, Bachbl\u00fcten, die Hom\u00f6opathische  Hausapotheke (\u00fcber 2 Wochenenden) und die naturheilkundliche  Hausapotheke in 4 Teilen, die auch einzeln buchbar sind.<\/p>\n","protected":false},"excerpt":{"rendered":"<p>In den zus\u00e4tzlich angebotenen naturheilkundlichen Wochenendseminaren werden detailliertere Einblicke in die jeweiligen Fachgebiete gegeben. Die angeboten Sonderseminare finden mit einer Mindestteilnehmerzahl von vier Personen an der unterrichtsfreien Wochenenden statt und k\u00f6nnen neben den Heilpraktikersch\u00fclern auch von anderen interessierten Menschen besucht &hellip; <a href=\"https:\/\/praxis-neumann.net\/?page_id=321\">Weiterlesen <span class=\"meta-nav\">&rarr;<\/span><\/a><\/p>\n","protected":false},"author":2,"featured_media":0,"parent":2,"menu_order":5,"comment_status":"closed","ping_status":"closed","template":"","meta":{"footnotes":""},"class_list":["post-321","page","type-page","status-publish","hentry"],"_links":{"self":[{"href":"https:\/\/praxis-neumann.net\/index.php?rest_route=\/wp\/v2\/pages\/321","targetHints":{"allow":["GET"]}}],"collection":[{"href":"https:\/\/praxis-neumann.net\/index.php?rest_route=\/wp\/v2\/pages"}],"about":[{"href":"https:\/\/praxis-neumann.net\/index.php?rest_route=\/wp\/v2\/types\/page"}],"author":[{"embeddable":true,"href":"https:\/\/praxis-neumann.net\/index.php?rest_route=\/wp\/v2\/users\/2"}],"replies":[{"embeddable":true,"href":"https:\/\/praxis-neumann.net\/index.php?rest_route=%2Fwp%2Fv2%2Fcomments&post=321"}],"version-history":[{"count":3,"href":"https:\/\/praxis-neumann.net\/index.php?rest_route=\/wp\/v2\/pages\/321\/revisions"}],"predecessor-version":[{"id":323,"href":"https:\/\/praxis-neumann.net\/index.php?rest_route=\/wp\/v2\/pages\/321\/revisions\/323"}],"up":[{"embeddable":true,"href":"https:\/\/praxis-neumann.net\/index.php?rest_route=\/wp\/v2\/pages\/2"}],"wp:attachment":[{"href":"https:\/\/praxis-neumann.net\/index.php?rest_route=%2Fwp%2Fv2%2Fmedia&parent=321"}],"curies":[{"name":"wp","href":"https:\/\/api.w.org\/{rel}","templated":true}]}}