{"id":324,"date":"2010-11-06T21:24:49","date_gmt":"2010-11-06T20:24:49","guid":{"rendered":"http:\/\/praxis-neumann.net\/?page_id=324"},"modified":"2010-11-06T21:35:14","modified_gmt":"2010-11-06T20:35:14","slug":"prufungsvoraussetzung","status":"publish","type":"page","link":"https:\/\/praxis-neumann.net\/?page_id=324","title":{"rendered":"Pr\u00fcfungsvoraussetzung"},"content":{"rendered":"<p>Die Heilpraktikerausbildung bereitet Sie auf die staatliche \u00dcberpr\u00fcfung nach dem Heilpraktikergesetz durch den Amtsarzt vor. Sie besteht aus einem schriftlichen und einem m\u00fcndlichen Teil<\/p>\n<p>Zust\u00e4ndig f\u00fcr Ihre \u00dcberpr\u00fcfung ist i.d.R. das Gesundheitsamt<\/p>\n<p>an Ihrem Hauptwohnsitz. F\u00fcr Schleswig-Holstein ist dies in Husum und das n\u00e4chste befindet sich in Hamburg<\/p>\n<p>Die Heilpraktikerausbildung ist generell f\u00fcr alle Bundesl\u00e4nder geeignet.<\/p>\n<p>Bei der Anmeldung zur \u00dcberpr\u00fcfung m\u00fcssen Ihrerseits folgende Grundvoraussetzungen erf\u00fcllt sein:<\/p>\n<ul>\n<li>Mindestalter 25 Jahre,<\/li>\n<li>Polizeiliches F\u00fchrungszeugnis,<\/li>\n<li>\u00c4rztliches Attest,<\/li>\n<li>Hauptschulabschluss<\/li>\n<\/ul>\n","protected":false},"excerpt":{"rendered":"<p>Die Heilpraktikerausbildung bereitet Sie auf die staatliche \u00dcberpr\u00fcfung nach dem Heilpraktikergesetz durch den Amtsarzt vor. Sie besteht aus einem schriftlichen und einem m\u00fcndlichen Teil Zust\u00e4ndig f\u00fcr Ihre \u00dcberpr\u00fcfung ist i.d.R. das Gesundheitsamt an Ihrem Hauptwohnsitz. F\u00fcr Schleswig-Holstein ist dies in &hellip; <a href=\"https:\/\/praxis-neumann.net\/?page_id=324\">Weiterlesen <span class=\"meta-nav\">&rarr;<\/span><\/a><\/p>\n","protected":false},"author":2,"featured_media":0,"parent":2,"menu_order":4,"comment_status":"closed","ping_status":"closed","template":"","meta":{"footnotes":""},"class_list":["post-324","page","type-page","status-publish","hentry"],"_links":{"self":[{"href":"https:\/\/praxis-neumann.net\/index.php?rest_route=\/wp\/v2\/pages\/324","targetHints":{"allow":["GET"]}}],"collection":[{"href":"https:\/\/praxis-neumann.net\/index.php?rest_route=\/wp\/v2\/pages"}],"about":[{"href":"https:\/\/praxis-neumann.net\/index.php?rest_route=\/wp\/v2\/types\/page"}],"author":[{"embeddable":true,"href":"https:\/\/praxis-neumann.net\/index.php?rest_route=\/wp\/v2\/users\/2"}],"replies":[{"embeddable":true,"href":"https:\/\/praxis-neumann.net\/index.php?rest_route=%2Fwp%2Fv2%2Fcomments&post=324"}],"version-history":[{"count":3,"href":"https:\/\/praxis-neumann.net\/index.php?rest_route=\/wp\/v2\/pages\/324\/revisions"}],"predecessor-version":[{"id":333,"href":"https:\/\/praxis-neumann.net\/index.php?rest_route=\/wp\/v2\/pages\/324\/revisions\/333"}],"up":[{"embeddable":true,"href":"https:\/\/praxis-neumann.net\/index.php?rest_route=\/wp\/v2\/pages\/2"}],"wp:attachment":[{"href":"https:\/\/praxis-neumann.net\/index.php?rest_route=%2Fwp%2Fv2%2Fmedia&parent=324"}],"curies":[{"name":"wp","href":"https:\/\/api.w.org\/{rel}","templated":true}]}}