{"id":338,"date":"2010-11-06T21:39:07","date_gmt":"2010-11-06T20:39:07","guid":{"rendered":"http:\/\/praxis-neumann.net\/?page_id=338"},"modified":"2012-02-04T17:25:44","modified_gmt":"2012-02-04T16:25:44","slug":"therapieschwerpunkte","status":"publish","type":"page","link":"https:\/\/praxis-neumann.net\/?page_id=338","title":{"rendered":"Bioresonanz"},"content":{"rendered":"<p>Bioresonanz geh\u00f6rt genau wie z.B. die Hom\u00f6opathie, die Akupunktur und  viele andere Naturheilverfahren in den Bereich der Erfahrungsheilkunde.  Die bisher beobachtetet positiven Erfahrungen an Patienten gelten nicht  als wissenschaftlicher Nachweis f\u00fcr die Wirksamkeit und f\u00fcr die  Wirkungsweise einer Therapie.<\/p>\n<p>Das bedeutet, dass zwar folgende Thesen zur Bioresonanz durch die  neuesten Erkenntnisse in der Bio- und Quantenphysik* best\u00e4tigt werden,  jedoch von der derzeit herrschenden Lehrmeinung der Schulmedizin noch  nicht anerkannt sind.<\/p>\n<h2>Theorie der Wirkungsweise<\/h2>\n<p>Neueste Forschungen in der Bio- und Quantenphysik \u00fcber die  Biophotonen (\u201eLichtblitze\u201c) durch Prof. Popp u.a. haben die seit \u00fcber 30  Jahren eingesetzte Therapieform erkl\u00e4rbarer gemacht.<\/p>\n<p>Man geht davon aus, dass Materie verdichtete Energie ist und auch  Energie abstrahlt. Ebenso wie jede Materie besteht auch der Mensch aus  Energie. Energie ist messbar in Hertz. Der Mensch strahlt nun  unterschiedliche Frequenzen oder Wellenl\u00e4ngen ab: Zellen, Gewebe und  Organe haben jeweils spezifische Freqenzmuster. Diese Einzelerscheinung  stehen miteinander im K\u00f6rper in Verbindung und beeinflussen sich  gegenseitig. Die Frequenzmuster eines gesunden Menschen sind anders  strukturiert sind als die Frequenzmuster eines kranken Menschen. Bei  kranken Menschen k\u00f6nnen zum Beispiel Frequenzen von Fremdstoffen das  Frequenzmuster ver\u00e4ndern und die Kommunikation der einzelnen Zellen  untereinander st\u00f6ren.<\/p>\n<h2>Testung<\/h2>\n<p>Um die Vielzahl von Belastungen und oft versteckten Ursachen einer  Erkrankung zu finden, testet der Therapeut energetisch den Patienten auf  Bakterien, Viren, Parasiten, Pilze, Allergene, Unvertr\u00e4glichkeiten,  Umweltgifte, Schwermetallbelastungen, St\u00f6rfelder, Krankheitsherde,  Organfunktionen und auf Vitamin- und Mineralmangel. Es geht darum  herauszufinden, was die Kommunikation zwischen den Zellen beeinflusst  oder behindert.\u00a0 Die ganze Testung ist sehr umfangreich und somit kann  die Erstaufnahme schon mal 1,5 bis 3 Stunden dauern. Sie ist aber genau  wir die anschlie\u00dfende Therapie v\u00f6llig schmerzfrei (Wor\u00fcber sich nicht  nur Kinder freuen ! )<\/p>\n<h2>Behandlung<\/h2>\n<p>Diese nun gefundenen st\u00f6renden oder k\u00f6rpereigenen Schwingungen werden  \u00fcber Elektroden, die an bestimmten K\u00f6rperstellen angelegt werden,  aufgenommen und an das Ger\u00e4t geleitet. Hier werden die Schwingungen  umgewandelt und anschlie\u00dfend als Therapieschwingungen an den K\u00f6rper des  Patienten zur\u00fcckgegeben. Die einzelne Therapiedauer richtet sich nach  den gefunden Belastungen und der Regulationsf\u00e4higkeit der Patienten und  dauert zwischen 20 und 45 Minuten. Zu keiner Zeit wird dem K\u00f6rper Strom  zugef\u00fchrt. Ziel der Bioresonanz ist eine deutlichen St\u00e4rkung der eigenen  Abwehr- und Selbstheilungskr\u00e4fte.<\/p>\n<h2>Behandlungskosten<\/h2>\n<p>Die Anzahl der Behandlungen und der damit verbundenen Kosten sind von  verschiedenen Faktoren abh\u00e4ngig (z.B. von den gefundenen Belastungen,  Schwere der Erkrankung, Dauer der Erkrankung etc.).<br \/>\n<em>* Definition Quantenphysik: Die Quantenphysik befasst sich mit den  Teilchen- und Welleneigenschaften von Atomen und deren Wechselwirkungen.  Quant: Kleinste Menge<\/em><\/p>\n","protected":false},"excerpt":{"rendered":"<p>Bioresonanz geh\u00f6rt genau wie z.B. die Hom\u00f6opathie, die Akupunktur und viele andere Naturheilverfahren in den Bereich der Erfahrungsheilkunde. Die bisher beobachtetet positiven Erfahrungen an Patienten gelten nicht als wissenschaftlicher Nachweis f\u00fcr die Wirksamkeit und f\u00fcr die Wirkungsweise einer Therapie. Das &hellip; <a href=\"https:\/\/praxis-neumann.net\/?page_id=338\">Weiterlesen <span class=\"meta-nav\">&rarr;<\/span><\/a><\/p>\n","protected":false},"author":2,"featured_media":0,"parent":335,"menu_order":0,"comment_status":"closed","ping_status":"closed","template":"","meta":{"footnotes":""},"class_list":["post-338","page","type-page","status-publish","hentry"],"_links":{"self":[{"href":"https:\/\/praxis-neumann.net\/index.php?rest_route=\/wp\/v2\/pages\/338","targetHints":{"allow":["GET"]}}],"collection":[{"href":"https:\/\/praxis-neumann.net\/index.php?rest_route=\/wp\/v2\/pages"}],"about":[{"href":"https:\/\/praxis-neumann.net\/index.php?rest_route=\/wp\/v2\/types\/page"}],"author":[{"embeddable":true,"href":"https:\/\/praxis-neumann.net\/index.php?rest_route=\/wp\/v2\/users\/2"}],"replies":[{"embeddable":true,"href":"https:\/\/praxis-neumann.net\/index.php?rest_route=%2Fwp%2Fv2%2Fcomments&post=338"}],"version-history":[{"count":4,"href":"https:\/\/praxis-neumann.net\/index.php?rest_route=\/wp\/v2\/pages\/338\/revisions"}],"predecessor-version":[{"id":431,"href":"https:\/\/praxis-neumann.net\/index.php?rest_route=\/wp\/v2\/pages\/338\/revisions\/431"}],"up":[{"embeddable":true,"href":"https:\/\/praxis-neumann.net\/index.php?rest_route=\/wp\/v2\/pages\/335"}],"wp:attachment":[{"href":"https:\/\/praxis-neumann.net\/index.php?rest_route=%2Fwp%2Fv2%2Fmedia&parent=338"}],"curies":[{"name":"wp","href":"https:\/\/api.w.org\/{rel}","templated":true}]}}