{"id":401,"date":"2011-04-20T13:29:24","date_gmt":"2011-04-20T12:29:24","guid":{"rendered":"http:\/\/praxis-neumann.net\/?page_id=401"},"modified":"2012-02-04T17:25:33","modified_gmt":"2012-02-04T16:25:33","slug":"bachbluten","status":"publish","type":"page","link":"https:\/\/praxis-neumann.net\/?page_id=401","title":{"rendered":"Bachbl\u00fcten"},"content":{"rendered":"<p><strong>Bachbl\u00fctentherapie <\/strong><\/p>\n<p>Mit Bachbl\u00fcten habe ich schon sehr fr\u00fch in meiner Ausbildung Erfahrungen gemacht und mich diesbez\u00fcglich umfangreich fortgebildet.\u00a0 Mich faszinierte die M\u00f6glichkeit schonend Einfluss auf seelische Probleme zu nehmen. Bei fast allen chronischen, organischen Erkrankungen gibt es oft auch seelische Belastungen, die dem Patienten meistens aber eher nicht bewusst sind. K\u00f6rper und Geist bilden aber immer eine Einheit. Dies muss in einer ganzheitlichen Behandlung von chronischen Krankheiten ber\u00fccksichtigt werden.<\/p>\n<p>Der englische Arzt Dr. Edward Bach untersuchte und beschrieb im Jahre 1930 nach langer medizinischen T\u00e4tigkeit im Krankenhaus, in der Forschung und in eigener Praxis sein Heilsystem der von ihm entdeckten 38 Pflanzenextrakte. Seine Entdeckung basiert auf der Idee, dass die gebundene Energie von Bl\u00fcten eine regulierende Wirkung auf psychische Zust\u00e4nde des Menschen hat. Somit sollen Bachbl\u00fcten Harmonisierung und Reinigung der seelischen Ebenen bewirken und so den Heilungsprozess der organischen Erkrankung auf k\u00f6rperlicher Ebene unterst\u00fctzen. Die Bachbl\u00fcten sollen der Seele den Weg zur Gesundung weisen.<\/p>\n<p>Bachbl\u00fcten sind kein Allheilmittel und k\u00f6nnen z.B. keine Arthrose heilen, aber sie k\u00f6nnen \u00fcberall dort helfen, wo ein seelisches Ungleichgewicht die Genesung behindert.<\/p>\n<p>Ich rate von der Selbstbehandlung eher ab, denn nur ein kompetenter Heilpraktiker oder Arzt kann \u00fcberblicken, welche weiteren therapeutischen Ma\u00dfnahmen noch zus\u00e4tzlich ergriffen werden m\u00fcssen.  Auch ich setze Bachbl\u00fcten meist unterst\u00fctzend ein und nicht als alleinige Therapieform.<\/p>\n<p>Im Internet finden sich inzwischen zu dem Thema schon zahlreiche Informationen, so dass ich mich hier sehr kurz gefasst habe. Sollten Sie weitere Informationen ben\u00f6tigen k\u00f6nnen Sie mich gerne anrufen unter 04123-809280<\/p>\n","protected":false},"excerpt":{"rendered":"<p>Bachbl\u00fctentherapie Mit Bachbl\u00fcten habe ich schon sehr fr\u00fch in meiner Ausbildung Erfahrungen gemacht und mich diesbez\u00fcglich umfangreich fortgebildet.\u00a0 Mich faszinierte die M\u00f6glichkeit schonend Einfluss auf seelische Probleme zu nehmen. Bei fast allen chronischen, organischen Erkrankungen gibt es oft auch seelische &hellip; <a href=\"https:\/\/praxis-neumann.net\/?page_id=401\">Weiterlesen <span class=\"meta-nav\">&rarr;<\/span><\/a><\/p>\n","protected":false},"author":2,"featured_media":0,"parent":335,"menu_order":0,"comment_status":"closed","ping_status":"closed","template":"","meta":{"footnotes":""},"class_list":["post-401","page","type-page","status-publish","hentry"],"_links":{"self":[{"href":"https:\/\/praxis-neumann.net\/index.php?rest_route=\/wp\/v2\/pages\/401","targetHints":{"allow":["GET"]}}],"collection":[{"href":"https:\/\/praxis-neumann.net\/index.php?rest_route=\/wp\/v2\/pages"}],"about":[{"href":"https:\/\/praxis-neumann.net\/index.php?rest_route=\/wp\/v2\/types\/page"}],"author":[{"embeddable":true,"href":"https:\/\/praxis-neumann.net\/index.php?rest_route=\/wp\/v2\/users\/2"}],"replies":[{"embeddable":true,"href":"https:\/\/praxis-neumann.net\/index.php?rest_route=%2Fwp%2Fv2%2Fcomments&post=401"}],"version-history":[{"count":4,"href":"https:\/\/praxis-neumann.net\/index.php?rest_route=\/wp\/v2\/pages\/401\/revisions"}],"predecessor-version":[{"id":430,"href":"https:\/\/praxis-neumann.net\/index.php?rest_route=\/wp\/v2\/pages\/401\/revisions\/430"}],"up":[{"embeddable":true,"href":"https:\/\/praxis-neumann.net\/index.php?rest_route=\/wp\/v2\/pages\/335"}],"wp:attachment":[{"href":"https:\/\/praxis-neumann.net\/index.php?rest_route=%2Fwp%2Fv2%2Fmedia&parent=401"}],"curies":[{"name":"wp","href":"https:\/\/api.w.org\/{rel}","templated":true}]}}