{"id":446,"date":"2012-04-05T12:09:53","date_gmt":"2012-04-05T11:09:53","guid":{"rendered":"http:\/\/praxis-neumann.net\/?page_id=446"},"modified":"2012-07-07T21:48:34","modified_gmt":"2012-07-07T20:48:34","slug":"entgiftung","status":"publish","type":"page","link":"https:\/\/praxis-neumann.net\/?page_id=446","title":{"rendered":"Entgiftung"},"content":{"rendered":"<p style=\"text-align: left;\"><span style=\"font-family: Arial,sans-serif;\"><span style=\"font-size: small;\">Zu mir in die Praxis kommen Menschen mit langj\u00e4hrigen chronischen Erkrankungen. Das Zie<\/span><\/span><span style=\"font-family: Arial,sans-serif;\"><span style=\"font-size: small;\">l so einer Behandlun<\/span><\/span><span style=\"font-family: Arial,sans-serif;\"><span style=\"font-size: small;\">g ist es, die Selbstheilungskr\u00e4fte wieder in Gang zu bringen. Und die Basis so einer Therapie ist am Beginn der Behandlung fast immer irgendeine Form von Entgiftung. <\/span><\/span><\/p>\n<p style=\"text-align: left;\"><span style=\"font-family: Arial,sans-serif;\"><span style=\"font-size: small;\">Das ist keine neue Erkenntnis, denn Entgiftung war schon in allen alten Kulturen vor tausenden von Jahren und auch bei Naturv\u00f6lkern ein Thema, obwohl die unsere heutigen Umweltbelastungen noch gar nicht hatten. Auch damals hatte man schon die Bedeutung der Entgiftung f\u00fcr das gesund werden und auch das gesund bleiben erkannt.<\/span><\/span><\/p>\n<p style=\"text-align: left;\"><span style=\"font-family: Arial,sans-serif;\"><span style=\"font-size: small;\">Ich verwende zur Erl\u00e4uterung der Notwendigkeit einer Entgiftung gerne das Bild eines Fasses. Wir haben alle von Geburt an ein unterschiedlich gro\u00dfes Fass mitgegeben bekommen. Das ist unsere Konstitution. \u00dcber die Jahre und Jahrzehnte f\u00fcllen wir nun unser individuelles Fass mit diversen Dingen, die uns schaden k\u00f6nnen. Unser K\u00f6rper kann lange Zeit eine Vielzahl verschiedener Belastungen und Stress kompensieren bis eines Tages das Fass \u00fcberl\u00e4uft und der Mensch chronisch krank wird. Wo sich diese Erkrankung zeigt, liegt dann auch oft in unseren Genen, denn nicht jeder Organbereich in uns ist gleich stark ausgebildet. Jeder hat irgendwo einen schw\u00e4cheren Bereich. Es gibt Menschen, die reagieren \u00fcber die Haut, andere entwickeln Allergien und wieder andere haben Symptome im Verdauungstrakt oder irgendwo Schmerzen. <\/span><\/span><\/p>\n<p style=\"text-align: left;\"><span style=\"font-family: Arial,sans-serif;\"><span style=\"font-size: small;\">Am Besten macht man nat\u00fcrlich eine Entgiftung noch bevor es zu einer chronischen Erkrankung gekommen ist. Aber wir sind ja alle sehr bequem und unternehmen oft nur dann etwas, wenn es unbedingt n\u00f6tig ist. Somit kommen zu mir in die Praxis Patienten mit verschiedensten oft langj\u00e4hrigen chronischen Erkrankungen wie Allergien, Asthma, Schuppenflechte, Neurodermitis,\u00a0 Nahrungsmittelunvertr\u00e4glichkeiten,\u00a0 wiederkehrenden Harnwegsinfekten, Migr\u00e4ne, Diabetes, Verdauungsproblemen, Entz\u00fcndungen der Magenschleimhaut, des D\u00fcnn- oder Dickdarms oder auch der Gelenke. <\/span><\/span><\/p>\n<p style=\"text-align: left;\"><span style=\"font-family: Arial,sans-serif;\"><span style=\"font-size: small;\">Da viele meinen, eine Entgiftung ist mit Fasten gleichzusetzen, habe ich den Vortragstitel gew\u00e4hlt \u201eEntgiftung ohne Fasten\u201c. Damit m\u00f6chte ich nichts gegen Fasten sagen, aber es ist nicht f\u00fcr jeden etwas und auch nicht der einzige Weg, im K\u00f6rper mal Entlastung zu schaffen. Es gibt alternative Kuren mit pflanzlichen oder hom\u00f6opathischen Mitteln, die so reinigend sind wie eine kleine Fastenkur. Die jeweils passende Kur wird anhand der Ergebnisse bei der Erstaufnahme mit ausf\u00fchrlichem Anamnesegesp\u00e4ch und Bioresonanztestung individuell erarbeitet.<\/span><\/span><span style=\"font-family: Arial,sans-serif;\"><span style=\"font-size: small;\"> <\/span><\/span><\/p>\n<p style=\"text-align: left;\"><span style=\"font-family: Arial,sans-serif;\"><span style=\"font-size: small;\">Bei der Erstaufnahme werden dabei \u00fcber 1000 verschiedene Substanzen schmerzfrei getestet. Das ist wichtig, um die Vielzahl von Belastungen und oft versteckte Ursachen einer Erkrankung zu finden. Zu einer Erstaufnahme geh\u00f6rt bei mir in jedem Fall der Test auf Bakterien, Viren, Parasiten, Pilze, Allergene, Unvertr\u00e4glichkeiten, Umweltgifte, Schwermetallbelastungen, St\u00f6rfelder, Krankheitsherde, Vitamin- und Mineralmangel dazu. Wichtig ist mir in der Praxis auch die Organfunktionen im gesamten K\u00f6rper zu erfassen, denn e<\/span><\/span><span style=\"font-family: Arial,sans-serif;\"><span style=\"font-size: small;\">ine Entgiftung z.B.  kann nur dann gelingen, wenn die Ausscheidungsorgane (Nieren, Leber und Darm) gut funktionieren. Bei vielen meiner Patienten teste ich gerade dort Funktionseinschr\u00e4nkungen, so dass hier erst mal gezielt eine St\u00e4rkung n\u00f6tig ist. Bildlich gesprochen sagt man, die Ausleitungsorgane m\u00fcssen \u201ege\u00f6ffnet\u201c werden. Au\u00dferdem f\u00fchre ich im Laufe der Entgiftung auch Verlaufstestungen durch und schaue, wo im K\u00f6rper evtl. eine Unterst\u00fctzung n\u00f6tig ist. <\/span><\/span><\/p>\n<p style=\"text-align: left;\"><span style=\"font-family: Arial,sans-serif;\"><span style=\"font-size: small;\">Um eine gef\u00e4hrliche R\u00fcckvergiftung zu vermeiden, muss man vor einer Entgiftung auch unbedingt wissen, ob im K\u00f6rper eine Belastung mit Darmpilzen (Candida) oder\/und Quecksilber vorliegt<\/span><\/span><\/p>\n<p style=\"text-align: left;\"><span style=\"font-family: Arial,sans-serif;\"><span style=\"font-size: small;\">Vor allem Darmpilze (z.B. Hefepilze wie Candida etc.), die sich h\u00e4ufig als Folge der Quecksilberbelastung ausbreiten, sind daf\u00fcr verantwortlich, dass bei der Passage durch den Darm das schon gebundene Quecksilber vom K\u00f6rper erneut aufgenommen wird. Bei dieser R\u00fcckvergiftung wird dann das Quecksilber im K\u00f6rper noch st\u00e4rker gebunden, so dass eine anschlie\u00dfende Mobilisierung um so schwieriger wird.<\/span><\/span><\/p>\n<p style=\"text-align: left;\"><span style=\"font-family: Arial,sans-serif;\"><span style=\"font-size: small;\">Nach einer ersten Entgiftung sollte dann nat\u00fcrlich unbedingt der Pilz mittels einer Darmsanierung<\/span><\/span><span style=\"color: #944794;\"><span style=\"font-family: Arial,sans-serif;\"><span style=\"font-size: small;\"> <\/span><\/span><\/span><span style=\"color: #000000;\"><span style=\"font-family: Arial,sans-serif;\"><span style=\"font-size: small;\">behandelt<\/span><\/span><\/span><span style=\"color: #944794;\"><span style=\"font-family: Arial,sans-serif;\"><span style=\"font-size: small;\"> <\/span><\/span><\/span><span style=\"font-family: Arial,sans-serif;\"><span style=\"font-size: small;\">werden! <\/span><\/span><\/p>\n<p style=\"text-align: left;\"><span style=\"font-family: Arial,sans-serif;\"><span style=\"font-size: small;\">(Mehr zu dem Thema Darmflora, Hefepilze und Darmsanierung erl\u00e4utere ich in meinem Vortrag \u201eDarm:H\u00fcter der Gesundheit\u201c.)<\/span><\/span><\/p>\n<p style=\"text-align: left;\">\n<p style=\"text-align: left;\"><span style=\"font-family: Arial,sans-serif;\"><span style=\"font-size: small;\"><strong>Hinweis: <\/strong><\/span><\/span><\/p>\n<p style=\"text-align: left;\"><span style=\"font-family: Arial,sans-serif;\"><span style=\"font-size: small;\"><strong>Im Internet wird vieles zum Thema \u201eEntgiftung\u201c angeboten. Sie sollten aber beim Vorliegen einer chronischen Erkrankung oder bei Verdacht auf z.B. Schwermetallbelastung etc. lieber keinen Selbstversuch unternehmen! Das k\u00f6nnte unter Umst\u00e4nden den Krankheitszustand noch verschlimmern.<\/strong><\/span><\/span><\/p>\n","protected":false},"excerpt":{"rendered":"<p>Zu mir in die Praxis kommen Menschen mit langj\u00e4hrigen chronischen Erkrankungen. Das Ziel so einer Behandlung ist es, die Selbstheilungskr\u00e4fte wieder in Gang zu bringen. Und die Basis so einer Therapie ist am Beginn der Behandlung fast immer irgendeine Form &hellip; <a href=\"https:\/\/praxis-neumann.net\/?page_id=446\">Weiterlesen <span class=\"meta-nav\">&rarr;<\/span><\/a><\/p>\n","protected":false},"author":2,"featured_media":0,"parent":335,"menu_order":0,"comment_status":"closed","ping_status":"closed","template":"","meta":{"footnotes":""},"class_list":["post-446","page","type-page","status-publish","hentry"],"_links":{"self":[{"href":"https:\/\/praxis-neumann.net\/index.php?rest_route=\/wp\/v2\/pages\/446","targetHints":{"allow":["GET"]}}],"collection":[{"href":"https:\/\/praxis-neumann.net\/index.php?rest_route=\/wp\/v2\/pages"}],"about":[{"href":"https:\/\/praxis-neumann.net\/index.php?rest_route=\/wp\/v2\/types\/page"}],"author":[{"embeddable":true,"href":"https:\/\/praxis-neumann.net\/index.php?rest_route=\/wp\/v2\/users\/2"}],"replies":[{"embeddable":true,"href":"https:\/\/praxis-neumann.net\/index.php?rest_route=%2Fwp%2Fv2%2Fcomments&post=446"}],"version-history":[{"count":4,"href":"https:\/\/praxis-neumann.net\/index.php?rest_route=\/wp\/v2\/pages\/446\/revisions"}],"predecessor-version":[{"id":449,"href":"https:\/\/praxis-neumann.net\/index.php?rest_route=\/wp\/v2\/pages\/446\/revisions\/449"}],"up":[{"embeddable":true,"href":"https:\/\/praxis-neumann.net\/index.php?rest_route=\/wp\/v2\/pages\/335"}],"wp:attachment":[{"href":"https:\/\/praxis-neumann.net\/index.php?rest_route=%2Fwp%2Fv2%2Fmedia&parent=446"}],"curies":[{"name":"wp","href":"https:\/\/api.w.org\/{rel}","templated":true}]}}