{"id":459,"date":"2012-08-09T16:19:51","date_gmt":"2012-08-09T15:19:51","guid":{"rendered":"http:\/\/praxis-neumann.net\/?page_id=459"},"modified":"2016-01-27T23:57:34","modified_gmt":"2016-01-27T22:57:34","slug":"veranstaltung","status":"publish","type":"page","link":"https:\/\/praxis-neumann.net\/?page_id=459","title":{"rendered":"Veranstaltung"},"content":{"rendered":"<p><span style=\"color: #000000;\"> <\/span><\/p>\n<p style=\"text-align: center;\">\n<p>Derzeit ist keine Veranstaltung geplant, aber besuchen Sie gerne meine Vortr\u00e4ge an den umliegenden Volkshochschulen<\/p>\n<p>Die n\u00e4chsten Termine f\u00fcr diese Halbjahr finden Sie unter dem Punkt &#8222;Vortr\u00e4ge&#8220;<\/p>\n","protected":false},"excerpt":{"rendered":"<p>Derzeit ist keine Veranstaltung geplant, aber besuchen Sie gerne meine Vortr\u00e4ge an den umliegenden Volkshochschulen Die n\u00e4chsten Termine f\u00fcr diese Halbjahr finden Sie unter dem Punkt &#8222;Vortr\u00e4ge&#8220;<\/p>\n","protected":false},"author":2,"featured_media":0,"parent":335,"menu_order":0,"comment_status":"closed","ping_status":"closed","template":"","meta":{"footnotes":""},"class_list":["post-459","page","type-page","status-publish","hentry"],"_links":{"self":[{"href":"https:\/\/praxis-neumann.net\/index.php?rest_route=\/wp\/v2\/pages\/459","targetHints":{"allow":["GET"]}}],"collection":[{"href":"https:\/\/praxis-neumann.net\/index.php?rest_route=\/wp\/v2\/pages"}],"about":[{"href":"https:\/\/praxis-neumann.net\/index.php?rest_route=\/wp\/v2\/types\/page"}],"author":[{"embeddable":true,"href":"https:\/\/praxis-neumann.net\/index.php?rest_route=\/wp\/v2\/users\/2"}],"replies":[{"embeddable":true,"href":"https:\/\/praxis-neumann.net\/index.php?rest_route=%2Fwp%2Fv2%2Fcomments&post=459"}],"version-history":[{"count":11,"href":"https:\/\/praxis-neumann.net\/index.php?rest_route=\/wp\/v2\/pages\/459\/revisions"}],"predecessor-version":[{"id":461,"href":"https:\/\/praxis-neumann.net\/index.php?rest_route=\/wp\/v2\/pages\/459\/revisions\/461"}],"up":[{"embeddable":true,"href":"https:\/\/praxis-neumann.net\/index.php?rest_route=\/wp\/v2\/pages\/335"}],"wp:attachment":[{"href":"https:\/\/praxis-neumann.net\/index.php?rest_route=%2Fwp%2Fv2%2Fmedia&parent=459"}],"curies":[{"name":"wp","href":"https:\/\/api.w.org\/{rel}","templated":true}]}}